{"id":17,"date":"2017-01-09T20:48:48","date_gmt":"2017-01-09T20:48:48","guid":{"rendered":"http:\/\/www.eventicrea.es\/?page_id=17"},"modified":"2018-05-27T08:37:40","modified_gmt":"2018-05-27T08:37:40","slug":"aviso-legal","status":"publish","type":"page","link":"https:\/\/eventicrea.es\/en\/aviso-legal\/","title":{"rendered":"Terms and conditions"},"content":{"rendered":"<h3>Datos del propietario<\/h3>\n<p>Conforme a lo establecido en la Ley de Servicios de la Sociedad de la Informaci\u00f3n (LSSI), se informa a los usuarios de eventicrea.es (en adelante, LA WEB) que estos son los datos del propietario de este sitio web:<\/p>\n<p><strong>Nombre<\/strong>: Susana L\u00f3pez Guerrero (en adelante, EVENTICREA)<br \/>\n<strong>Direcci\u00f3n<\/strong>: C\/ Alcalde Nicol\u00e1s Maroto, 6, 29014 \u2013 M\u00e1laga (M\u00e1laga)<br \/>\n<strong>NIF<\/strong>: 26800460D<br \/>\n<strong>Tel\u00e9fono de Contacto<\/strong>:(+34) 617 979 873<br \/>\n<strong>E-mail de Contacto<\/strong>: <a href=\"mailto:web@eventicrea.es\">web@eventicrea.es<\/a><br \/>\n<strong>Titulaci\u00f3n Acad\u00e9mica<\/strong>: Licenciada en Traducci\u00f3n e Interpretaci\u00f3n  por la Universidad de M\u00e1laga<\/p>\n<p>En este espacio, los usuarios encontrar\u00e1n toda la informaci\u00f3n relativa a los t\u00e9rminos y condiciones legales que definen las relaciones entre ellos y <strong>EVENTICREA <\/strong>como responsable de LA WEB. Como usuario, es importante que conozcas estos t\u00e9rminos antes de continuar tu navegaci\u00f3n.<\/p>\n<p><strong>EVENTICREA<\/strong>, como responsable de LA WEB, asume el compromiso de procesar la informaci\u00f3n de nuestros usuarios y clientes con plenas garant\u00edas y cumplir con los requisitos nacionales y europeos que regulan la recopilaci\u00f3n y uso de los datos personales de nuestros usuarios.<\/p>\n<p>LA WEB, por tanto, cumple rigurosamente con el RGPD (REGLAMENTO (UE) 2016\/679 de protecci\u00f3n de datos) y la LSSI-CE (Ley 34\/2002, de 11 de julio, de Servicios de la Sociedad de la Informaci\u00f3n y de Comercio Electr\u00f3nico).<\/p>\n<h3>Condiciones generales de uso<\/h3>\n<p>Las presentes Condiciones Generales regulan el uso (incluyendo el mero acceso) de las p\u00e1ginas integrantes de LA WEB, incluidos los contenidos y servicios puestos a disposici\u00f3n en ellas. Toda persona que acceda a LA WEB acepta someterse a las Condiciones Generales vigentes en cada momento en ella.<\/p>\n<h3>Datos personales que recabamos y como lo hacemos<\/h3>\n<p>Lee la <a href=\"https:\/\/eventicrea.es\/politica-de-privacidad\/\">Pol\u00edtica de Privacidad<\/a>.<\/p>\n<h3>Compromisos y obligaciones<\/h3>\n<p>El usuario queda informado, y acepta, que el acceso a LA WEB no supone, en modo alguno, el inicio de una relaci\u00f3n comercial con <strong>EVENTICREA<\/strong>. De esta forma, el usuario se compromete a utilizar LA WEB, sus servicios y contenidos sin contravenir la legislaci\u00f3n vigente, la buena fe y el orden p\u00fablico.<\/p>\n<p>Queda prohibido el uso de LA WEB, con fines il\u00edcitos o lesivos, o que, de cualquier forma, puedan causar perjuicio o impedir el normal funcionamiento de la misma. Respecto de los contenidos, se proh\u00edbe:<\/p>\n<ul>\n<li>Su reproducci\u00f3n, distribuci\u00f3n o modificaci\u00f3n, total o parcial, a menos que se cuente con la autorizaci\u00f3n de sus leg\u00edtimos titulares.<\/li>\n<li>Cualquier vulneraci\u00f3n de los derechos del prestador o de los leg\u00edtimos titulares.<\/li>\n<li>Su utilizaci\u00f3n para fines comerciales o publicitarios.<\/li>\n<\/ul>\n<p>En la utilizaci\u00f3n de LA WEB el usuario se compromete a no llevar a cabo ninguna conducta que pudiera da\u00f1ar la imagen, los intereses y los derechos de <strong>EVENTICREA <\/strong>o de terceros o que pudiera da\u00f1ar, inutilizar o sobrecargar LA WEB o que impidiera, de cualquier forma, su normal utilizaci\u00f3n.<\/p>\n<p>No obstante, el usuario debe ser consciente de que las medidas de seguridad de los sistemas inform\u00e1ticos en Internet no son enteramente fiables y que, por tanto <strong>EVENTICREA <\/strong>no puede garantizar la inexistencia de virus u otros elementos que puedan producir alteraciones en los sistemas inform\u00e1ticos del usuario o en sus documentos electr\u00f3nicos y ficheros contenidos en los mismos.<\/p>\n<h3>Medidas de seguridad<\/h3>\n<p>Los datos personales comunicados por el usuario a <strong>EVENTICREA <\/strong>pueden ser almacenados en bases de datos automatizadas o no, cuya titularidad corresponde en exclusiva a <strong>EVENTICREA<\/strong>, asumiendo \u00e9sta todas las medidas de \u00edndole t\u00e9cnica, organizativa y de seguridad que garantizan la confidencialidad, integridad y calidad de la informaci\u00f3n contenida en las mismas de acuerdo con lo establecido en la normativa vigente en protecci\u00f3n de datos.<\/p>\n<p>La comunicaci\u00f3n entre los usuarios y <strong>EVENTICREA <\/strong>utiliza un canal seguro, y los datos transmitidos son cifrados gracias a protocolos a HTTPS. Por tanto, garantizamos las mejores condiciones de seguridad para que la confidencialidad de los usuarios est\u00e9 garantizada.<\/p>\n<h3>Reclamaciones<\/h3>\n<p>El usuario podr\u00e1 realizar reclamaciones remitiendo un correo electr\u00f3nico a web@weventicrea.es indicando su nombre y apellidos, el servicio adquirido y exponiendo los motivos de su reclamaci\u00f3n.<\/p>\n<h3>Plataforma de resoluci\u00f3n de conflictos<\/h3>\n<p>Por si puede ser de tu inter\u00e9s, para someter tus reclamaciones puedes utilizar tambi\u00e9n la plataforma de resoluci\u00f3n de litigios que facilita la Comisi\u00f3n Europea y que se encuentra disponible <a href=\"http:\/\/ec.europa.eu\/consumers\/odr\/\">aqu\u00ed<\/a>.<\/p>\n<h3>Derechos de propiedad intelectual e industrial<\/h3>\n<p>En virtud de lo dispuesto en la Ley de Propiedad Intelectual, quedan expresamente prohibidas la reproducci\u00f3n, la distribuci\u00f3n y la comunicaci\u00f3n p\u00fablica, incluida su modalidad de puesta a disposici\u00f3n, de la totalidad o parte de los contenidos de LA WEB, con fines comerciales, en cualquier soporte y por cualquier medio t\u00e9cnico, sin la autorizaci\u00f3n de <strong>EVENTICREA<\/strong>. El usuario se compromete a respetar los derechos de Propiedad Intelectual e Industrial titularidad de <strong>EVENTICREA<\/strong>.<\/p>\n<p>El usuario conoce y acepta que la totalidad de LA WEB, conteniendo sin car\u00e1cter exhaustivo el texto, software, contenidos (incluyendo estructura, selecci\u00f3n, ordenaci\u00f3n y presentaci\u00f3n de los mismos) podcast, fotograf\u00edas, material audiovisual y gr\u00e1ficos, est\u00e1 protegida por marcas, derechos de autor y otros derechos leg\u00edtimos, de acuerdo con los tratados internacionales en los que Espa\u00f1a es parte y otros derechos de propiedad y leyes de Espa\u00f1a.<\/p>\n<p>En el caso de que un usuario o un tercero consideren que se ha producido una violaci\u00f3n de sus leg\u00edtimos derechos de propiedad intelectual por la introducci\u00f3n de un determinado contenido en LA WEB, deber\u00e1 notificar dicha circunstancia a <strong>EVENTICREA <\/strong>indicando:<\/p>\n<p>Datos personales del interesado titular de los derechos presuntamente infringidos, o indicar la representaci\u00f3n con la que act\u00faa en caso de que la reclamaci\u00f3n la presente un tercero distinto del interesado.<\/p>\n<p>Se\u00f1alar los contenidos protegidos por los derechos de propiedad intelectual y su ubicaci\u00f3n en LA WEB, la acreditaci\u00f3n de los derechos de propiedad intelectual se\u00f1alados y declaraci\u00f3n expresa en la que el interesado se responsabiliza de la veracidad de las informaciones facilitadas en la notificaci\u00f3n.<\/p>\n<h3>Enlaces externos<\/h3>\n<p>LA WEB, puede proporciona enlaces a otros sitios web y contenidos que son propiedad de terceros tales como:<\/p>\n<ul>\n<li>Contenidos de otros blogs.<\/li>\n<li>Herramientas.<\/li>\n<li>Recursos.<\/li>\n<\/ul>\n<p>El \u00fanico objeto de los enlaces es proporcionar al usuario la posibilidad de acceder a dichos enlaces.<\/p>\n<p><strong>EVENTICREA <\/strong>no se responsabiliza en ning\u00fan caso de los resultados que puedan derivarse al usuario por acceso a dichos enlaces.<\/p>\n<p>El usuario que se proponga establecer cualquier dispositivo t\u00e9cnico de enlace desde su sitio web a LA WEB deber\u00e1 obtener la autorizaci\u00f3n previa y escrita de LA WEB. El establecimiento del enlace no implica en ning\u00fan caso la existencia de relaciones entre <strong>EVENTICREA<\/strong> y el propietario del sitio en el que se establezca el enlace, ni la aceptaci\u00f3n o aprobaci\u00f3n por parte de EVENTICREA de sus contenidos o servicios.<\/p>\n<h3>Pol\u00edtica de comentarios<\/h3>\n<p>En LA WEB se permiten realizar comentarios para enriquecer los contenidos y realizar consultas.<\/p>\n<p>No se admitir\u00e1n comentarios que no est\u00e9n relacionados con la tem\u00e1tica de LA WEB, que incluyan difamaciones, agravios, insultos, ataques personales o faltas de respeto en general hacia el autor o hacia otros miembros.<\/p>\n<p>Tambi\u00e9n ser\u00e1n suprimidos los comentarios que contengan informaci\u00f3n que sea obviamente enga\u00f1osa o falsa, as\u00ed como los comentarios que contengan informaci\u00f3n personal, como, por ejemplo, domicilios privados o tel\u00e9fonos y que vulneren nuestra pol\u00edtica de protecci\u00f3n de datos.<\/p>\n<p>Se desestimar\u00e1, igualmente, aquellos comentarios creados s\u00f3lo con fines promocionales de LA WEB, persona o colectivo y todo lo que pueda ser considerado SPAM en general.<\/p>\n<p>No se permitir\u00e1n tampoco aquellos comentarios que intenten forzar un debate o una toma de postura por otro usuario.<\/p>\n<h3>Exclusi\u00f3n de garant\u00edas y responsabilidades<\/h3>\n<p><strong>EVENTICREA <\/strong>no otorga ninguna garant\u00eda ni se hace responsable, en ning\u00fan caso, de los da\u00f1os y perjuicios de cualquier naturaleza que pudieran traer causa de:<\/p>\n<ul>\n<li>La falta de disponibilidad, mantenimiento y efectivo funcionamiento de LA WEB, o de sus servicios y contenidos.<\/li>\n<li>La existencia de virus, programas maliciosos o lesivos en los contenidos.<\/li>\n<li>El uso il\u00edcito, negligente, fraudulento o contrario a este Aviso Legal.<\/li>\n<li>La falta de licitud, calidad, fiabilidad, utilidad y disponibilidad de los servicios prestados por terceros y puestos a disposici\u00f3n de los usuarios en LA WEB.<\/li>\n<li>Los da\u00f1os que pudieran dimanar del uso ilegal o indebido de LA WEB.<\/li>\n<\/ul>\n<h3>Ley aplicable y jurisdicci\u00f3n<\/h3>\n<p>Con car\u00e1cter general las relaciones entre <strong>EVENTICREA <\/strong>con los usuarios de sus servicios telem\u00e1ticos, presentes en LA WEB se encuentran sometidas a la legislaci\u00f3n y jurisdicci\u00f3n espa\u00f1olas y a los tribunales de M\u00e1laga.<\/p>\n<h3>Contacto<\/h3>\n<p>En caso de que cualquier usuario tuviese alguna duda acerca de estas Condiciones Legales o cualquier comentario sobre LA WEB, por favor dir\u00edjase a <a href=\"mailto:web@eventicrea.es\">web@eventicrea.es<\/a><\/p>\n<p>El Aviso Legal fue actualizado por \u00faltima vez el 25 de mayo del 2018.<\/p>\n","protected":false},"excerpt":{"rendered":"<div class=\"slide-text-bg2\"><span>Datos del propietario Conforme a lo establecido en la Ley de Servicios de la Sociedad de la Informaci\u00f3n (LSSI), se informa a los usuarios de eventicrea.es<\/span><\/div>\n<div class=\"slide-btn-area-sm\"><a href=\"https:\/\/eventicrea.es\/en\/aviso-legal\/\" class=\"slide-btn-sm\">Read More<\/a><\/div>\n","protected":false},"author":1,"featured_media":0,"parent":0,"menu_order":0,"comment_status":"closed","ping_status":"closed","template":"","meta":{"footnotes":""},"class_list":["post-17","page","type-page","status-publish","hentry"],"_links":{"self":[{"href":"https:\/\/eventicrea.es\/en\/wp-json\/wp\/v2\/pages\/17","targetHints":{"allow":["GET"]}}],"collection":[{"href":"https:\/\/eventicrea.es\/en\/wp-json\/wp\/v2\/pages"}],"about":[{"href":"https:\/\/eventicrea.es\/en\/wp-json\/wp\/v2\/types\/page"}],"author":[{"embeddable":true,"href":"https:\/\/eventicrea.es\/en\/wp-json\/wp\/v2\/users\/1"}],"replies":[{"embeddable":true,"href":"https:\/\/eventicrea.es\/en\/wp-json\/wp\/v2\/comments?post=17"}],"version-history":[{"count":4,"href":"https:\/\/eventicrea.es\/en\/wp-json\/wp\/v2\/pages\/17\/revisions"}],"predecessor-version":[{"id":1930,"href":"https:\/\/eventicrea.es\/en\/wp-json\/wp\/v2\/pages\/17\/revisions\/1930"}],"wp:attachment":[{"href":"https:\/\/eventicrea.es\/en\/wp-json\/wp\/v2\/media?parent=17"}],"curies":[{"name":"wp","href":"https:\/\/api.w.org\/{rel}","templated":true}]}}