{"id":132,"date":"2017-01-10T14:36:33","date_gmt":"2017-01-10T14:36:33","guid":{"rendered":"http:\/\/www.eventicrea.es\/?page_id=132"},"modified":"2018-10-19T14:44:01","modified_gmt":"2018-10-19T14:44:01","slug":"clientes","status":"publish","type":"page","link":"https:\/\/eventicrea.es\/pt\/clientes\/","title":{"rendered":"(Espa\u00f1ol) Clientes"},"content":{"rendered":"<p class=\"qtranxs-available-languages-message qtranxs-available-languages-message-pt\">Desculpe, este conte\u00fado s\u00f3 est\u00e1 dispon\u00edvel em <a href=\"https:\/\/eventicrea.es\/es\/wp-json\/wp\/v2\/pages\/132\" class=\"qtranxs-available-language-link qtranxs-available-language-link-es\" title=\"Espa\u00f1ol\">Espa\u00f1ol<\/a> e <a href=\"https:\/\/eventicrea.es\/en\/wp-json\/wp\/v2\/pages\/132\" class=\"qtranxs-available-language-link qtranxs-available-language-link-en\" title=\"English\">English<\/a>. Por uma quest\u00e3o de conveni\u00eancia para o utilizador, o conte\u00fado \u00e9 mostrado abaixo no idioma por omiss\u00e3o para este site. Pode clicar numa das liga\u00e7\u00f5es para mudar o site para outro idioma dispon\u00edvel.<\/p><p><div id=\"envira-gallery-wrap-818\" class=\"envira-gallery-wrap envira-gallery-theme-base envira-lightbox-theme-base\" itemscope itemtype=\"https:\/\/schema.org\/ImageGallery\"><div data-row-height=\"\" data-gallery-theme=\"\" id=\"envira-gallery-818\" class=\"envira-gallery-public  envira-gallery-4-columns envira-clear enviratope envira-gallery-css-animations\" data-envira-columns=\"4\"><div id=\"envira-gallery-item-822\" class=\"envira-gallery-item enviratope-item envira-gallery-item-1\" style=\"padding-left: 5px; padding-bottom: 10px; padding-right: 5px;\"  itemscope itemtype=\"https:\/\/schema.org\/ImageObject\"><div class=\"envira-gallery-item-inner\"><div class=\"envira-gallery-position-overlay  envira-gallery-top-left\"><\/div><div class=\"envira-gallery-position-overlay  envira-gallery-top-right\"><\/div><div class=\"envira-gallery-position-overlay  envira-gallery-bottom-left\"><\/div><div class=\"envira-gallery-position-overlay  envira-gallery-bottom-right\"><\/div><img decoding=\"async\" id=\"envira-gallery-image-822\" class=\"envira-gallery-image envira-gallery-image-1\" data-envira-index=\"1\" src=\"https:\/\/eventicrea.es\/wp-content\/uploads\/2017\/03\/vivagym.jpg\" data-envira-src=\"https:\/\/eventicrea.es\/wp-content\/uploads\/2017\/03\/vivagym.jpg\" data-envira-gallery-id=\"818\" data-envira-item-id=\"822\" data-envira-caption=\"VIVAGYM\" alt=\"VIVAGYM\" title=\"VIVAGYM\"  itemprop=\"thumbnailUrl\" data-envira-srcset=\"https:\/\/eventicrea.es\/wp-content\/uploads\/2017\/03\/vivagym.jpg 400w,https:\/\/eventicrea.es\/wp-content\/uploads\/2017\/03\/vivagym.jpg 2x\" srcset=\"https:\/\/eventicrea.es\/wp-content\/uploads\/2017\/03\/vivagym.jpg 2x\" \/><\/div><\/div><div id=\"envira-gallery-item-1251\" class=\"envira-gallery-item enviratope-item envira-gallery-item-2\" style=\"padding-left: 5px; padding-bottom: 10px; padding-right: 5px;\"  itemscope itemtype=\"https:\/\/schema.org\/ImageObject\"><div class=\"envira-gallery-item-inner\"><div class=\"envira-gallery-position-overlay  envira-gallery-top-left\"><\/div><div class=\"envira-gallery-position-overlay  envira-gallery-top-right\"><\/div><div class=\"envira-gallery-position-overlay  envira-gallery-bottom-left\"><\/div><div class=\"envira-gallery-position-overlay  envira-gallery-bottom-right\"><\/div><img decoding=\"async\" id=\"envira-gallery-image-1251\" class=\"envira-gallery-image envira-gallery-image-2\" data-envira-index=\"2\" src=\"https:\/\/eventicrea.es\/wp-content\/uploads\/2017\/03\/ayuntamiento-malaga-marca-vector.jpg\" data-envira-src=\"https:\/\/eventicrea.es\/wp-content\/uploads\/2017\/03\/ayuntamiento-malaga-marca-vector.jpg\" data-envira-gallery-id=\"818\" data-envira-item-id=\"1251\" data-envira-caption=\"Ayuntamiento de M\u00e1laga\" alt=\"Ayuntamiento de M\u00e1laga\" title=\"Ayuntamiento de M\u00e1laga\"  itemprop=\"thumbnailUrl\" data-envira-srcset=\"https:\/\/eventicrea.es\/wp-content\/uploads\/2017\/03\/ayuntamiento-malaga-marca-vector.jpg 400w,https:\/\/eventicrea.es\/wp-content\/uploads\/2017\/03\/ayuntamiento-malaga-marca-vector.jpg 2x\" srcset=\"https:\/\/eventicrea.es\/wp-content\/uploads\/2017\/03\/ayuntamiento-malaga-marca-vector.jpg 2x\" \/><\/div><\/div><div id=\"envira-gallery-item-834\" class=\"envira-gallery-item enviratope-item envira-gallery-item-3\" style=\"padding-left: 5px; padding-bottom: 10px; padding-right: 5px;\"  itemscope itemtype=\"https:\/\/schema.org\/ImageObject\"><div class=\"envira-gallery-item-inner\"><div class=\"envira-gallery-position-overlay  envira-gallery-top-left\"><\/div><div class=\"envira-gallery-position-overlay  envira-gallery-top-right\"><\/div><div class=\"envira-gallery-position-overlay  envira-gallery-bottom-left\"><\/div><div class=\"envira-gallery-position-overlay  envira-gallery-bottom-right\"><\/div><img decoding=\"async\" id=\"envira-gallery-image-834\" class=\"envira-gallery-image envira-gallery-image-3\" data-envira-index=\"3\" src=\"https:\/\/eventicrea.es\/wp-content\/uploads\/2017\/03\/logo.png\" data-envira-src=\"https:\/\/eventicrea.es\/wp-content\/uploads\/2017\/03\/logo.png\" data-envira-gallery-id=\"818\" data-envira-item-id=\"834\" data-envira-caption=\"Centro Gutenberg\" alt=\"Centro Gutenberg\" title=\"Centro Gutenberg\"  itemprop=\"thumbnailUrl\" data-envira-srcset=\"https:\/\/eventicrea.es\/wp-content\/uploads\/2017\/03\/logo.png 400w,https:\/\/eventicrea.es\/wp-content\/uploads\/2017\/03\/logo.png 2x\" srcset=\"https:\/\/eventicrea.es\/wp-content\/uploads\/2017\/03\/logo.png 2x\" \/><\/div><\/div><div id=\"envira-gallery-item-884\" class=\"envira-gallery-item enviratope-item envira-gallery-item-4\" style=\"padding-left: 5px; padding-bottom: 10px; padding-right: 5px;\"  itemscope itemtype=\"https:\/\/schema.org\/ImageObject\"><div class=\"envira-gallery-item-inner\"><div class=\"envira-gallery-position-overlay  envira-gallery-top-left\"><\/div><div class=\"envira-gallery-position-overlay  envira-gallery-top-right\"><\/div><div class=\"envira-gallery-position-overlay  envira-gallery-bottom-left\"><\/div><div class=\"envira-gallery-position-overlay  envira-gallery-bottom-right\"><\/div><img decoding=\"async\" id=\"envira-gallery-image-884\" class=\"envira-gallery-image envira-gallery-image-4\" data-envira-index=\"4\" src=\"https:\/\/eventicrea.es\/wp-content\/uploads\/2017\/03\/logo-festival-cine-malaga-1024x334.jpg\" data-envira-src=\"https:\/\/eventicrea.es\/wp-content\/uploads\/2017\/03\/logo-festival-cine-malaga-1024x334.jpg\" data-envira-gallery-id=\"818\" data-envira-item-id=\"884\" data-envira-caption=\"Festiva de M\u00e1laga - Cine Espa\u00f1ol\" alt=\"Festiva de M\u00e1laga - Cine Espa\u00f1ol\" title=\"Festiva de M\u00e1laga - Cine Espa\u00f1ol\"  itemprop=\"thumbnailUrl\" data-envira-srcset=\"https:\/\/eventicrea.es\/wp-content\/uploads\/2017\/03\/logo-festival-cine-malaga-1024x334.jpg 400w,https:\/\/eventicrea.es\/wp-content\/uploads\/2017\/03\/logo-festival-cine-malaga-1024x334.jpg 2x\" srcset=\"https:\/\/eventicrea.es\/wp-content\/uploads\/2017\/03\/logo-festival-cine-malaga.jpg 2x\" \/><\/div><\/div><div id=\"envira-gallery-item-821\" class=\"envira-gallery-item enviratope-item envira-gallery-item-5\" style=\"padding-left: 5px; padding-bottom: 10px; padding-right: 5px;\"  itemscope itemtype=\"https:\/\/schema.org\/ImageObject\"><div class=\"envira-gallery-item-inner\"><div class=\"envira-gallery-position-overlay  envira-gallery-top-left\"><\/div><div class=\"envira-gallery-position-overlay  envira-gallery-top-right\"><\/div><div class=\"envira-gallery-position-overlay  envira-gallery-bottom-left\"><\/div><div class=\"envira-gallery-position-overlay  envira-gallery-bottom-right\"><\/div><img decoding=\"async\" id=\"envira-gallery-image-821\" class=\"envira-gallery-image envira-gallery-image-5\" data-envira-index=\"5\" src=\"https:\/\/eventicrea.es\/wp-content\/uploads\/2017\/03\/quiron-logo1.jpg\" data-envira-src=\"https:\/\/eventicrea.es\/wp-content\/uploads\/2017\/03\/quiron-logo1.jpg\" data-envira-gallery-id=\"818\" data-envira-item-id=\"821\" data-envira-caption=\"Quir\u00f3n M\u00e1laga\" alt=\"Quir\u00f3n M\u00e1laga\" title=\"Quir\u00f3n M\u00e1laga\"  itemprop=\"thumbnailUrl\" data-envira-srcset=\"https:\/\/eventicrea.es\/wp-content\/uploads\/2017\/03\/quiron-logo1.jpg 400w,https:\/\/eventicrea.es\/wp-content\/uploads\/2017\/03\/quiron-logo1.jpg 2x\" srcset=\"https:\/\/eventicrea.es\/wp-content\/uploads\/2017\/03\/quiron-logo1.jpg 2x\" \/><\/div><\/div><div id=\"envira-gallery-item-820\" class=\"envira-gallery-item enviratope-item envira-gallery-item-6\" style=\"padding-left: 5px; padding-bottom: 10px; padding-right: 5px;\"  itemscope itemtype=\"https:\/\/schema.org\/ImageObject\"><div class=\"envira-gallery-item-inner\"><div class=\"envira-gallery-position-overlay  envira-gallery-top-left\"><\/div><div class=\"envira-gallery-position-overlay  envira-gallery-top-right\"><\/div><div class=\"envira-gallery-position-overlay  envira-gallery-bottom-left\"><\/div><div class=\"envira-gallery-position-overlay  envira-gallery-bottom-right\"><\/div><img decoding=\"async\" id=\"envira-gallery-image-820\" class=\"envira-gallery-image envira-gallery-image-6\" data-envira-index=\"6\" src=\"https:\/\/eventicrea.es\/wp-content\/uploads\/2017\/03\/opplus1.jpg\" data-envira-src=\"https:\/\/eventicrea.es\/wp-content\/uploads\/2017\/03\/opplus1.jpg\" data-envira-gallery-id=\"818\" data-envira-item-id=\"820\" data-envira-caption=\"OP PLUS\" alt=\"OP PLUS\" title=\"OP PLUS\"  itemprop=\"thumbnailUrl\" data-envira-srcset=\"https:\/\/eventicrea.es\/wp-content\/uploads\/2017\/03\/opplus1.jpg 400w,https:\/\/eventicrea.es\/wp-content\/uploads\/2017\/03\/opplus1.jpg 2x\" srcset=\"https:\/\/eventicrea.es\/wp-content\/uploads\/2017\/03\/opplus1.jpg 2x\" \/><\/div><\/div><div id=\"envira-gallery-item-833\" class=\"envira-gallery-item enviratope-item envira-gallery-item-7\" style=\"padding-left: 5px; padding-bottom: 10px; padding-right: 5px;\"  itemscope itemtype=\"https:\/\/schema.org\/ImageObject\"><div class=\"envira-gallery-item-inner\"><div class=\"envira-gallery-position-overlay  envira-gallery-top-left\"><\/div><div class=\"envira-gallery-position-overlay  envira-gallery-top-right\"><\/div><div class=\"envira-gallery-position-overlay  envira-gallery-bottom-left\"><\/div><div class=\"envira-gallery-position-overlay  envira-gallery-bottom-right\"><\/div><img decoding=\"async\" id=\"envira-gallery-image-833\" class=\"envira-gallery-image envira-gallery-image-7\" data-envira-index=\"7\" src=\"https:\/\/eventicrea.es\/wp-content\/uploads\/2017\/03\/Logotipo-WEB-EN.png\" data-envira-src=\"https:\/\/eventicrea.es\/wp-content\/uploads\/2017\/03\/Logotipo-WEB-EN.png\" data-envira-gallery-id=\"818\" data-envira-item-id=\"833\" data-envira-caption=\"Holidays2M\u00e1laga\" alt=\"Holidays2M\u00e1laga\" title=\"Holidays2M\u00e1laga\"  itemprop=\"thumbnailUrl\" data-envira-srcset=\"https:\/\/eventicrea.es\/wp-content\/uploads\/2017\/03\/Logotipo-WEB-EN.png 400w,https:\/\/eventicrea.es\/wp-content\/uploads\/2017\/03\/Logotipo-WEB-EN.png 2x\" srcset=\"https:\/\/eventicrea.es\/wp-content\/uploads\/2017\/03\/Logotipo-WEB-EN.png 2x\" \/><\/div><\/div><div id=\"envira-gallery-item-824\" class=\"envira-gallery-item enviratope-item envira-gallery-item-8\" style=\"padding-left: 5px; padding-bottom: 10px; padding-right: 5px;\"  itemscope itemtype=\"https:\/\/schema.org\/ImageObject\"><div class=\"envira-gallery-item-inner\"><div class=\"envira-gallery-position-overlay  envira-gallery-top-left\"><\/div><div class=\"envira-gallery-position-overlay  envira-gallery-top-right\"><\/div><div class=\"envira-gallery-position-overlay  envira-gallery-bottom-left\"><\/div><div class=\"envira-gallery-position-overlay  envira-gallery-bottom-right\"><\/div><img decoding=\"async\" id=\"envira-gallery-image-824\" class=\"envira-gallery-image envira-gallery-image-8\" data-envira-index=\"8\" src=\"https:\/\/eventicrea.es\/wp-content\/uploads\/2017\/03\/logo-grace1.png\" data-envira-src=\"https:\/\/eventicrea.es\/wp-content\/uploads\/2017\/03\/logo-grace1.png\" data-envira-gallery-id=\"818\" data-envira-item-id=\"824\" data-envira-caption=\"GRACE\" alt=\"GRACE\" title=\"GRACE\"  itemprop=\"thumbnailUrl\" data-envira-srcset=\"https:\/\/eventicrea.es\/wp-content\/uploads\/2017\/03\/logo-grace1.png 400w,https:\/\/eventicrea.es\/wp-content\/uploads\/2017\/03\/logo-grace1.png 2x\" srcset=\"https:\/\/eventicrea.es\/wp-content\/uploads\/2017\/03\/logo-grace1.png 2x\" \/><\/div><\/div><div id=\"envira-gallery-item-819\" class=\"envira-gallery-item enviratope-item envira-gallery-item-9\" style=\"padding-left: 5px; padding-bottom: 10px; padding-right: 5px;\"  itemscope itemtype=\"https:\/\/schema.org\/ImageObject\"><div class=\"envira-gallery-item-inner\"><div class=\"envira-gallery-position-overlay  envira-gallery-top-left\"><\/div><div class=\"envira-gallery-position-overlay  envira-gallery-top-right\"><\/div><div class=\"envira-gallery-position-overlay  envira-gallery-bottom-left\"><\/div><div class=\"envira-gallery-position-overlay  envira-gallery-bottom-right\"><\/div><img decoding=\"async\" id=\"envira-gallery-image-819\" class=\"envira-gallery-image envira-gallery-image-9\" data-envira-index=\"9\" src=\"https:\/\/eventicrea.es\/wp-content\/uploads\/2017\/03\/logo-Serunion1.jpg\" data-envira-src=\"https:\/\/eventicrea.es\/wp-content\/uploads\/2017\/03\/logo-Serunion1.jpg\" data-envira-gallery-id=\"818\" data-envira-item-id=\"819\" data-envira-caption=\"SERUNION\" alt=\"SERUNION\" title=\"SERUNION\"  itemprop=\"thumbnailUrl\" data-envira-srcset=\"https:\/\/eventicrea.es\/wp-content\/uploads\/2017\/03\/logo-Serunion1.jpg 400w,https:\/\/eventicrea.es\/wp-content\/uploads\/2017\/03\/logo-Serunion1.jpg 2x\" srcset=\"https:\/\/eventicrea.es\/wp-content\/uploads\/2017\/03\/logo-Serunion1.jpg 2x\" \/><\/div><\/div><div id=\"envira-gallery-item-823\" class=\"envira-gallery-item enviratope-item envira-gallery-item-10\" style=\"padding-left: 5px; padding-bottom: 10px; padding-right: 5px;\"  itemscope itemtype=\"https:\/\/schema.org\/ImageObject\"><div class=\"envira-gallery-item-inner\"><div class=\"envira-gallery-position-overlay  envira-gallery-top-left\"><\/div><div class=\"envira-gallery-position-overlay  envira-gallery-top-right\"><\/div><div class=\"envira-gallery-position-overlay  envira-gallery-bottom-left\"><\/div><div class=\"envira-gallery-position-overlay  envira-gallery-bottom-right\"><\/div><img decoding=\"async\" id=\"envira-gallery-image-823\" class=\"envira-gallery-image envira-gallery-image-10\" data-envira-index=\"10\" src=\"https:\/\/eventicrea.es\/wp-content\/uploads\/2017\/03\/images9.png\" data-envira-src=\"https:\/\/eventicrea.es\/wp-content\/uploads\/2017\/03\/images9.png\" data-envira-gallery-id=\"818\" data-envira-item-id=\"823\" data-envira-caption=\"C.E.I.P. Tartessos\" alt=\"C.E.I.P. Tartessos\" title=\"C.E.I.P. Tartessos\"  itemprop=\"thumbnailUrl\" data-envira-srcset=\"https:\/\/eventicrea.es\/wp-content\/uploads\/2017\/03\/images9.png 400w,https:\/\/eventicrea.es\/wp-content\/uploads\/2017\/03\/images9.png 2x\" srcset=\"https:\/\/eventicrea.es\/wp-content\/uploads\/2017\/03\/images9.png 2x\" \/><\/div><\/div><div id=\"envira-gallery-item-1634\" class=\"envira-gallery-item enviratope-item envira-gallery-item-11\" style=\"padding-left: 5px; padding-bottom: 10px; padding-right: 5px;\"  itemscope itemtype=\"https:\/\/schema.org\/ImageObject\"><div class=\"envira-gallery-item-inner\"><div class=\"envira-gallery-position-overlay  envira-gallery-top-left\"><\/div><div class=\"envira-gallery-position-overlay  envira-gallery-top-right\"><\/div><div class=\"envira-gallery-position-overlay  envira-gallery-bottom-left\"><\/div><div class=\"envira-gallery-position-overlay  envira-gallery-bottom-right\"><\/div><img decoding=\"async\" id=\"envira-gallery-image-1634\" class=\"envira-gallery-image envira-gallery-image-11\" data-envira-index=\"11\" src=\"https:\/\/eventicrea.es\/wp-content\/uploads\/2017\/03\/ugr-marca-horizontal-color@3x.png\" data-envira-src=\"https:\/\/eventicrea.es\/wp-content\/uploads\/2017\/03\/ugr-marca-horizontal-color@3x.png\" data-envira-gallery-id=\"818\" data-envira-item-id=\"1634\" data-envira-caption=\"Universidad de Granada\" alt=\"Universidad de Granada\" title=\"Universidad de Granada\"  itemprop=\"thumbnailUrl\" data-envira-srcset=\"https:\/\/eventicrea.es\/wp-content\/uploads\/2017\/03\/ugr-marca-horizontal-color@3x.png 400w,https:\/\/eventicrea.es\/wp-content\/uploads\/2017\/03\/ugr-marca-horizontal-color@3x.png 2x\" srcset=\"https:\/\/eventicrea.es\/wp-content\/uploads\/2017\/03\/ugr-marca-horizontal-color@3x.png 2x\" \/><\/div><\/div><div id=\"envira-gallery-item-1635\" class=\"envira-gallery-item enviratope-item envira-gallery-item-12\" style=\"padding-left: 5px; padding-bottom: 10px; padding-right: 5px;\"  itemscope itemtype=\"https:\/\/schema.org\/ImageObject\"><div class=\"envira-gallery-item-inner\"><div class=\"envira-gallery-position-overlay  envira-gallery-top-left\"><\/div><div class=\"envira-gallery-position-overlay  envira-gallery-top-right\"><\/div><div class=\"envira-gallery-position-overlay  envira-gallery-bottom-left\"><\/div><div class=\"envira-gallery-position-overlay  envira-gallery-bottom-right\"><\/div><img decoding=\"async\" id=\"envira-gallery-image-1635\" class=\"envira-gallery-image envira-gallery-image-12\" data-envira-index=\"12\" src=\"https:\/\/eventicrea.es\/wp-content\/uploads\/2017\/03\/UMA_logo.png\" data-envira-src=\"https:\/\/eventicrea.es\/wp-content\/uploads\/2017\/03\/UMA_logo.png\" data-envira-gallery-id=\"818\" data-envira-item-id=\"1635\" data-envira-caption=\"Universidad de M\u00e1laga\" alt=\"Universidad de M\u00e1laga\" title=\"Universidad de M\u00e1laga\"  itemprop=\"thumbnailUrl\" data-envira-srcset=\"https:\/\/eventicrea.es\/wp-content\/uploads\/2017\/03\/UMA_logo.png 400w,https:\/\/eventicrea.es\/wp-content\/uploads\/2017\/03\/UMA_logo.png 2x\" srcset=\"https:\/\/eventicrea.es\/wp-content\/uploads\/2017\/03\/UMA_logo.png 2x\" \/><\/div><\/div><div id=\"envira-gallery-item-1636\" class=\"envira-gallery-item enviratope-item envira-gallery-item-13\" style=\"padding-left: 5px; padding-bottom: 10px; padding-right: 5px;\"  itemscope itemtype=\"https:\/\/schema.org\/ImageObject\"><div class=\"envira-gallery-item-inner\"><div class=\"envira-gallery-position-overlay  envira-gallery-top-left\"><\/div><div class=\"envira-gallery-position-overlay  envira-gallery-top-right\"><\/div><div class=\"envira-gallery-position-overlay  envira-gallery-bottom-left\"><\/div><div class=\"envira-gallery-position-overlay  envira-gallery-bottom-right\"><\/div><img decoding=\"async\" id=\"envira-gallery-image-1636\" class=\"envira-gallery-image envira-gallery-image-13\" data-envira-index=\"13\" src=\"https:\/\/eventicrea.es\/wp-content\/uploads\/2017\/03\/logo-1.png\" data-envira-src=\"https:\/\/eventicrea.es\/wp-content\/uploads\/2017\/03\/logo-1.png\" data-envira-gallery-id=\"818\" data-envira-item-id=\"1636\" data-envira-caption=\"terraminium\" alt=\"terraminium\" title=\"terraminium\"  itemprop=\"thumbnailUrl\" data-envira-srcset=\"https:\/\/eventicrea.es\/wp-content\/uploads\/2017\/03\/logo-1.png 400w,https:\/\/eventicrea.es\/wp-content\/uploads\/2017\/03\/logo-1.png 2x\" srcset=\"https:\/\/eventicrea.es\/wp-content\/uploads\/2017\/03\/logo-1.png 2x\" \/><\/div><\/div><div id=\"envira-gallery-item-1737\" class=\"envira-gallery-item enviratope-item envira-gallery-item-14\" style=\"padding-left: 5px; padding-bottom: 10px; padding-right: 5px;\"  itemscope itemtype=\"https:\/\/schema.org\/ImageObject\"><div class=\"envira-gallery-item-inner\"><div class=\"envira-gallery-position-overlay  envira-gallery-top-left\"><\/div><div class=\"envira-gallery-position-overlay  envira-gallery-top-right\"><\/div><div class=\"envira-gallery-position-overlay  envira-gallery-bottom-left\"><\/div><div class=\"envira-gallery-position-overlay  envira-gallery-bottom-right\"><\/div><img decoding=\"async\" id=\"envira-gallery-image-1737\" class=\"envira-gallery-image envira-gallery-image-14\" data-envira-index=\"14\" src=\"https:\/\/eventicrea.es\/wp-content\/uploads\/2017\/03\/eSail-Its.png\" data-envira-src=\"https:\/\/eventicrea.es\/wp-content\/uploads\/2017\/03\/eSail-Its.png\" data-envira-gallery-id=\"818\" data-envira-item-id=\"1737\" data-envira-caption=\"eSail-Its\" alt=\"eSail-Its\" title=\"eSail-Its\"  itemprop=\"thumbnailUrl\" data-envira-srcset=\"https:\/\/eventicrea.es\/wp-content\/uploads\/2017\/03\/eSail-Its.png 400w,https:\/\/eventicrea.es\/wp-content\/uploads\/2017\/03\/eSail-Its.png 2x\" srcset=\"https:\/\/eventicrea.es\/wp-content\/uploads\/2017\/03\/eSail-Its.png 2x\" \/><\/div><\/div><div id=\"envira-gallery-item-1738\" class=\"envira-gallery-item enviratope-item envira-gallery-item-15\" style=\"padding-left: 5px; padding-bottom: 10px; padding-right: 5px;\"  itemscope itemtype=\"https:\/\/schema.org\/ImageObject\"><div class=\"envira-gallery-item-inner\"><div class=\"envira-gallery-position-overlay  envira-gallery-top-left\"><\/div><div class=\"envira-gallery-position-overlay  envira-gallery-top-right\"><\/div><div class=\"envira-gallery-position-overlay  envira-gallery-bottom-left\"><\/div><div class=\"envira-gallery-position-overlay  envira-gallery-bottom-right\"><\/div><img decoding=\"async\" id=\"envira-gallery-image-1738\" class=\"envira-gallery-image envira-gallery-image-15\" data-envira-index=\"15\" src=\"https:\/\/eventicrea.es\/wp-content\/uploads\/2017\/03\/logo-en-construccion-CON-C-DE-CARINO.png\" data-envira-src=\"https:\/\/eventicrea.es\/wp-content\/uploads\/2017\/03\/logo-en-construccion-CON-C-DE-CARINO.png\" data-envira-gallery-id=\"818\" data-envira-item-id=\"1738\" data-envira-caption=\"CON-C-DE-CARINO\" alt=\"CON-C-DE-CARINO\" title=\"CON-C-DE-CARINO\"  itemprop=\"thumbnailUrl\" data-envira-srcset=\"https:\/\/eventicrea.es\/wp-content\/uploads\/2017\/03\/logo-en-construccion-CON-C-DE-CARINO.png 400w,https:\/\/eventicrea.es\/wp-content\/uploads\/2017\/03\/logo-en-construccion-CON-C-DE-CARINO.png 2x\" srcset=\"https:\/\/eventicrea.es\/wp-content\/uploads\/2017\/03\/logo-en-construccion-CON-C-DE-CARINO.png 2x\" \/><\/div><\/div><\/div><\/div><noscript><img decoding=\"async\" src=\"https:\/\/eventicrea.es\/wp-content\/uploads\/2017\/03\/vivagym.jpg\" alt=\"VIVAGYM\" \/><img decoding=\"async\" src=\"https:\/\/eventicrea.es\/wp-content\/uploads\/2017\/03\/ayuntamiento-malaga-marca-vector.jpg\" alt=\"Ayuntamiento de M\u00e1laga\" \/><img decoding=\"async\" src=\"https:\/\/eventicrea.es\/wp-content\/uploads\/2017\/03\/logo.png\" alt=\"Centro Gutenberg\" \/><img decoding=\"async\" src=\"https:\/\/eventicrea.es\/wp-content\/uploads\/2017\/03\/logo-festival-cine-malaga.jpg\" alt=\"Festiva de M\u00e1laga - Cine Espa\u00f1ol\" \/><img decoding=\"async\" src=\"https:\/\/eventicrea.es\/wp-content\/uploads\/2017\/03\/quiron-logo1.jpg\" alt=\"Quir\u00f3n M\u00e1laga\" \/><img decoding=\"async\" src=\"https:\/\/eventicrea.es\/wp-content\/uploads\/2017\/03\/opplus1.jpg\" alt=\"OP PLUS\" \/><img decoding=\"async\" src=\"https:\/\/eventicrea.es\/wp-content\/uploads\/2017\/03\/Logotipo-WEB-EN.png\" alt=\"Holidays2M\u00e1laga\" \/><img decoding=\"async\" src=\"https:\/\/eventicrea.es\/wp-content\/uploads\/2017\/03\/logo-grace1.png\" alt=\"GRACE\" \/><img decoding=\"async\" src=\"https:\/\/eventicrea.es\/wp-content\/uploads\/2017\/03\/logo-Serunion1.jpg\" alt=\"SERUNION\" \/><img decoding=\"async\" src=\"https:\/\/eventicrea.es\/wp-content\/uploads\/2017\/03\/images9.png\" alt=\"C.E.I.P. Tartessos\" \/><img decoding=\"async\" src=\"https:\/\/eventicrea.es\/wp-content\/uploads\/2017\/03\/ugr-marca-horizontal-color@3x.png\" alt=\"Universidad de Granada\" \/><img decoding=\"async\" src=\"https:\/\/eventicrea.es\/wp-content\/uploads\/2017\/03\/UMA_logo.png\" alt=\"Universidad de M\u00e1laga\" \/><img decoding=\"async\" src=\"https:\/\/eventicrea.es\/wp-content\/uploads\/2017\/03\/logo-1.png\" alt=\"terraminium\" \/><img decoding=\"async\" src=\"https:\/\/eventicrea.es\/wp-content\/uploads\/2017\/03\/eSail-Its.png\" alt=\"eSail-Its\" \/><img decoding=\"async\" src=\"https:\/\/eventicrea.es\/wp-content\/uploads\/2017\/03\/logo-en-construccion-CON-C-DE-CARINO.png\" alt=\"CON-C-DE-CARINO\" \/><\/noscript><\/p>","protected":false},"excerpt":{"rendered":"<div class=\"slide-text-bg2\"><span>Desculpe, este conte\u00fado s\u00f3 est\u00e1 dispon\u00edvel em English. Por uma quest\u00e3o de conveni\u00eancia para o utilizador, o conte\u00fado \u00e9 mostrado abaixo no idioma al<\/span><\/div>\n<div class=\"slide-btn-area-sm\"><a href=\"https:\/\/eventicrea.es\/pt\/clientes\/\" class=\"slide-btn-sm\">Read More<\/a><\/div>\n","protected":false},"author":1,"featured_media":0,"parent":0,"menu_order":0,"comment_status":"closed","ping_status":"closed","template":"fullwidth.php","meta":{"footnotes":""},"class_list":["post-132","page","type-page","status-publish","hentry"],"_links":{"self":[{"href":"https:\/\/eventicrea.es\/pt\/wp-json\/wp\/v2\/pages\/132","targetHints":{"allow":["GET"]}}],"collection":[{"href":"https:\/\/eventicrea.es\/pt\/wp-json\/wp\/v2\/pages"}],"about":[{"href":"https:\/\/eventicrea.es\/pt\/wp-json\/wp\/v2\/types\/page"}],"author":[{"embeddable":true,"href":"https:\/\/eventicrea.es\/pt\/wp-json\/wp\/v2\/users\/1"}],"replies":[{"embeddable":true,"href":"https:\/\/eventicrea.es\/pt\/wp-json\/wp\/v2\/comments?post=132"}],"version-history":[{"count":21,"href":"https:\/\/eventicrea.es\/pt\/wp-json\/wp\/v2\/pages\/132\/revisions"}],"predecessor-version":[{"id":2120,"href":"https:\/\/eventicrea.es\/pt\/wp-json\/wp\/v2\/pages\/132\/revisions\/2120"}],"wp:attachment":[{"href":"https:\/\/eventicrea.es\/pt\/wp-json\/wp\/v2\/media?parent=132"}],"curies":[{"name":"wp","href":"https:\/\/api.w.org\/{rel}","templated":true}]}}