{"id":1922,"date":"2018-05-27T07:59:44","date_gmt":"2018-05-27T07:59:44","guid":{"rendered":"https:\/\/eventicrea.es\/?page_id=1922"},"modified":"2018-10-31T20:47:04","modified_gmt":"2018-10-31T20:47:04","slug":"politica-de-privacidad","status":"publish","type":"page","link":"https:\/\/eventicrea.es\/pt\/politica-de-privacidad\/","title":{"rendered":"(Espa\u00f1ol) Pol\u00edtica de Privacidad"},"content":{"rendered":"<p>Con este documento, queremos informarte de cu\u00e1les son los motivos por los que recogemos tus datos personales, qu\u00e9 hacemos con ellos, cu\u00e1les son tus derechos y de qu\u00e9 forma puedes ejercerlos. <\/p>\n<p>Si de verdad te interesa el destino de tus datos, te recomendamos que pierdas un par de minutos en leerlo.<\/p>\n<h3>\u00bfQui\u00e9n es el responsable de tus datos?<\/h3>\n<p><strong>Identidad<\/strong>: Susana L\u00f3pez Guerrero (en adelante, <strong>EVENTICREA<\/strong>)<br \/>\n<strong>Direcci\u00f3n<\/strong>: C\/ Alcalde Nicol\u00e1s Maroto, 6, 29014 \u2013 M\u00e1laga (M\u00e1laga)<br \/>\n<strong>Tel\u00e9fono<\/strong>: (+34) 617 979 873<br \/>\n<strong>E-mail<\/strong>: <a href=\"mailto:web@eventicrea.es\">web@eventicrea.es<\/a>.<br \/>\n<strong>Contacto DPD<\/strong>: https:\/\/eventicrea.es\/contacto\/.<\/p>\n<h3>\u00bfCon qu\u00e9 finalidad recogemos tus datos personales?<\/h3>\n<p>En <strong>EVENTICREA <\/strong>recogemos y tratamos la informaci\u00f3n que nos facilitas con el fin de responder a las cuestiones que nos planteas a trav\u00e9s de nuestros formularios de contacto y de comentarios, y de hacerte llegar informaci\u00f3n que sea de tu inter\u00e9s a trav\u00e9s de nuestros canales de comunicaci\u00f3n.<\/p>\n<p>Dicha informaci\u00f3n la mantendremos almacenada mientras no solicites su supresi\u00f3n.<\/p>\n<h3>\u00bfCu\u00e1l es la legitimaci\u00f3n para el tratamiento de tus datos?<\/h3>\n<p>Las bases legales para el tratamiento de tus datos son las siguientes:<\/p>\n<ul>\n<li>Ejecuci\u00f3n del contrato de suscripci\u00f3n para hacerte llegar informaci\u00f3n que sea de tu inter\u00e9s a trav\u00e9s de nuestros canales de comunicaci\u00f3n.<\/li>\n<li>Obtenci\u00f3n de tu consentimiento para responder a las cuestiones que nos planteas a trav\u00e9s de nuestros formularios de contacto y de comentarios.<\/li>\n<\/ul>\n<p>Recuerda que no est\u00e1s obligado a darnos tu consentimiento para el tratamiento de tus datos, pero de no hacerlo, <strong>EVENTICREA <\/strong>no podr\u00e1 hacerte llegar informaci\u00f3n que sea de tu inter\u00e9s a trav\u00e9s de nuestros canales de comunicaci\u00f3n.<\/p>\n<h3>\u00bfA qu\u00e9 destinatarios se comunicar\u00e1n tus datos de car\u00e1cter personal?<\/h3>\n<p>Para poder ofrecerte nuestros servicios con una mejor calidad y cumplir con nuestras obligaciones fiscales, te hacemos saber que los datos que t\u00fa nos facilites pueden ser cedidos a:<\/p>\n<ul>\n<li><strong><a href=\"https:\/\/raiolanetworks.es\/\">Raiola Networks<\/a><\/strong>, con domicilio fiscal en Avda. de Magoi N\u00ba 66, 27002 Lugo (Espa\u00f1a), encargado de proporcionar el hosting y el dominio para esta web.<\/li>\n<li><strong><a href=\"https:\/\/es.wordpress.com\/\">Automattic Inc<\/a>.<\/strong>, encargado del desarrollo del CMS WordPress, utilizado para el dise\u00f1o y desarrollo de esta web y sujeto al acuerdo <a href=\"https:\/\/www.privacyshield.gov\/participant?id=a2zt0000000CbqcAAC&#038;status=Active\">EU-US Privacy Shield<\/a>.<\/li>\n<li><strong><a href=\"https:\/\/www.google.com\/\">Google LLC<\/a><\/strong>, encargado de la recogida de anal\u00edticas de esta web y sujeto al acuerdo <a href=\"https:\/\/www.privacyshield.gov\/participant?id=a2zt000000001L5AAI&#038;status=Active\">EU-US Privacy Shield<\/a>.<\/li>\n<li><strong><a href=\"https:\/\/mailchimp.com\/\">The Rocket Science Group LLC d\/b\/a MailChimp<\/a><\/strong>, encargado de proporcionar el servicio de mailing para el env\u00edo de nuestra newsletter y sujeto al acuerdo <a href=\"https:\/\/www.privacyshield.gov\/participant?id=a2zt0000000TO6hAAG&#038;status=Active\">EU-US Privacy Shield<\/a>.<\/li>\n<\/ul>\n<h3>\u00bfCu\u00e1les son tus derechos cuando nos facilitas tus datos personales?<\/h3>\n<p>El hecho de que nos hayas cedido tus datos y nos hayas dado el consentimiento para tratarlos, no te esclaviza a nosotros. Existen una serie de derechos que puedes ejercer en cualquier momento, los cuales son:<\/p>\n<ul>\n<li>Derechos a solicitar el acceso a tus datos de car\u00e1cter personal.<\/li>\n<li>Derecho a solicitar la rectificaci\u00f3n o supresi\u00f3n.<\/li>\n<li>Derecho a solicitar la limitaci\u00f3n del tratamiento.<\/li>\n<li>Derecho a oponerse al tratamiento.<\/li>\n<\/ul>\n<p>Para ejercer tus derechos, puedes enviar correo electr\u00f3nico a la direcci\u00f3n <a href=\"mailto:web@eventicrea.es\">web@eventicrea.es<\/a>.<\/p>\n<p>Tambi\u00e9n te informamos, que si has dado tu consentimiento para alguna finalidad espec\u00edfica, tienes derecho a retirarlo en cualquier momento, sin que ello afecte a la licitud del tratamiento basado en el consentimiento previo a su retirada.<\/p>\n<p>Asimismo, te informamos de que puedes presentar una reclamaci\u00f3n ante la <a href=\"http:\/\/www.agpd.es\/\">Agencia Espa\u00f1ola de Protecci\u00f3n de Datos<\/a>, especialmente cuando no hayas obtenido satisfacci\u00f3n en el ejercicio de tus derechos.<\/p>\n<p>La Pol\u00edtica de Privacidad fue actualizada por \u00faltima vez el 25 de mayo del 2018.<\/p>\n","protected":false},"excerpt":{"rendered":"<div class=\"slide-text-bg2\"><span>Con este documento, queremos informarte de cu\u00e1les son los motivos por los que recogemos tus datos personales, qu\u00e9 hacemos con ellos, cu\u00e1les son tus dere<\/span><\/div>\n<div class=\"slide-btn-area-sm\"><a href=\"https:\/\/eventicrea.es\/pt\/politica-de-privacidad\/\" class=\"slide-btn-sm\">Read More<\/a><\/div>\n","protected":false},"author":1,"featured_media":0,"parent":0,"menu_order":0,"comment_status":"closed","ping_status":"closed","template":"","meta":{"footnotes":""},"class_list":["post-1922","page","type-page","status-publish","hentry"],"_links":{"self":[{"href":"https:\/\/eventicrea.es\/pt\/wp-json\/wp\/v2\/pages\/1922","targetHints":{"allow":["GET"]}}],"collection":[{"href":"https:\/\/eventicrea.es\/pt\/wp-json\/wp\/v2\/pages"}],"about":[{"href":"https:\/\/eventicrea.es\/pt\/wp-json\/wp\/v2\/types\/page"}],"author":[{"embeddable":true,"href":"https:\/\/eventicrea.es\/pt\/wp-json\/wp\/v2\/users\/1"}],"replies":[{"embeddable":true,"href":"https:\/\/eventicrea.es\/pt\/wp-json\/wp\/v2\/comments?post=1922"}],"version-history":[{"count":9,"href":"https:\/\/eventicrea.es\/pt\/wp-json\/wp\/v2\/pages\/1922\/revisions"}],"predecessor-version":[{"id":2125,"href":"https:\/\/eventicrea.es\/pt\/wp-json\/wp\/v2\/pages\/1922\/revisions\/2125"}],"wp:attachment":[{"href":"https:\/\/eventicrea.es\/pt\/wp-json\/wp\/v2\/media?parent=1922"}],"curies":[{"name":"wp","href":"https:\/\/api.w.org\/{rel}","templated":true}]}}