{"id":20,"date":"2017-01-09T20:51:43","date_gmt":"2017-01-09T20:51:43","guid":{"rendered":"http:\/\/www.eventicrea.es\/?page_id=20"},"modified":"2018-05-27T11:37:42","modified_gmt":"2018-05-27T11:37:42","slug":"contacto","status":"publish","type":"page","link":"https:\/\/eventicrea.es\/pt\/contacto\/","title":{"rendered":"(Espa\u00f1ol) Contacto"},"content":{"rendered":"<p class=\"qtranxs-available-languages-message qtranxs-available-languages-message-pt\">Desculpe, este conte\u00fado s\u00f3 est\u00e1 dispon\u00edvel em <a href=\"https:\/\/eventicrea.es\/es\/wp-json\/wp\/v2\/pages\/20\" class=\"qtranxs-available-language-link qtranxs-available-language-link-es\" title=\"Espa\u00f1ol\">Espa\u00f1ol<\/a> e <a href=\"https:\/\/eventicrea.es\/en\/wp-json\/wp\/v2\/pages\/20\" class=\"qtranxs-available-language-link qtranxs-available-language-link-en\" title=\"English\">English<\/a>. Por uma quest\u00e3o de conveni\u00eancia para o utilizador, o conte\u00fado \u00e9 mostrado abaixo no idioma por omiss\u00e3o para este site. Pode clicar numa das liga\u00e7\u00f5es para mudar o site para outro idioma dispon\u00edvel.<\/p><p><\/p>\n<h3><strong>\u00bfEn qu\u00e9 podemos ayudarte?<\/strong><\/h3>\n<p>En <b>eventiCrea<\/b> estamos encantados de atenderte en cualquier momento y sin ning\u00fan compromiso para ayudarte con la organizaci\u00f3n y preparaci\u00f3n de tu evento.<\/p>\n<p>A continuaci\u00f3n podr\u00e1s encontrar los datos de contacto de los diferentes departamentos de <b>eventiCrea<\/b> o si lo prefieres puedes enviarnos una consulta directamente desde la web\u00a0a trav\u00e9s del formulario que puedes encontrar m\u00e1s abajo en esta misma p\u00e1gina.<\/p>\n<hr \/>\n<h3>Datos de contacto<\/h3>\n<div class=\"row\">\n<div class=\"col-md-4\">\n<div class=\"service-area\">\n<div class=\"media\">\n<div class=\"service-icon\">\n    <i class=\"fa fa-user-o\"><\/i>\n<\/div>\n<div class=\"media-body\">\n<h4>Comercial<\/h4>\n<p><b>Telf<\/b>: +34 617 97 98 73<\/p>\n<p><b>Email<\/b>: susana.lopez@eventicrea.es<\/p>\n<\/div>\n<\/div>\n<\/div>\n<\/div>\n<div class=\"col-md-4\">\n<div class=\"service-area\">\n<div class=\"media\">\n<div class=\"service-icon\">\n  <i class=\"fa fa-file-text-o\"><\/i>\n<\/div>\n<div class=\"media-body\">\n<h4>Facturaci\u00f3n<\/h4>\n<p><b>Telf<\/b>: +34 617 97 98 73<\/p>\n<p><b>Email<\/b>: facturacion@eventicrea.es<\/p>\n<\/div>\n<\/div>\n<\/div>\n<\/div>\n<div class=\"col-md-4\">\n<div class=\"service-area\">\n<div class=\"media\">\n<div class=\"service-icon\">\n  <i class=\"fa fa-ticket\"><\/i>\n<\/div>\n<div class=\"media-body\">\n<h4>Soporte t\u00e9cnico<\/h4>\n<p><b>Email<\/b>: web@eventicrea.es<\/p>\n<\/div>\n<\/div>\n<\/div>\n<\/div>\n<\/div>\n<hr \/>\n<h3>Redes sociales<\/h3>\n<p>Tambi\u00e9n puedes seguir nuestros trabajos en las siguientes redes sociales:<\/p>\n<div class=\"row\">\n<div class=\"col-md-4\">\n<div class=\"service-area\">\n<div class=\"media\">\n<div class=\"service-icon\">\n  <a href=\"https:\/\/facebook.com\/eventicrea.es\/\"><i class=\"fa fa-facebook-square\" aria-hidden=\"true\"><\/i><\/a>\n<\/div>\n<div class=\"media-body\">\n<h4><a href=\"https:\/\/facebook.com\/eventicrea.es\/\">Facebook<\/a><\/h4>\n<p><a href=\"https:\/\/facebook.com\/eventicrea.es\/\">eventicrea.es<\/a><\/p>\n<\/div>\n<\/div>\n<\/div>\n<\/div>\n<div class=\"col-md-4\">\n<div class=\"service-area\">\n<div class=\"media\">\n<div class=\"service-icon\">\n  <i class=\"fa fa-twitter-square\" aria-hidden=\"true\"><\/i>\n<\/div>\n<div class=\"media-body\">\n<h4><a href=\"https:\/\/twitter.com\/eventicrea\">Twitter<\/a><\/h4>\n<p><a href=\"https:\/\/twitter.com\/eventicrea\">@eventicrea<\/a><\/p>\n<p><a href=\"https:\/\/twitter.com\/search?q=%23eventicreando&#038;src=typd\">#eventicreando<\/a><\/p>\n<\/div>\n<\/div>\n<\/div>\n<\/div>\n<\/div>\n<hr \/>\n<h3>Formulario de contacto<\/h3>\n\n<div class=\"wpcf7 no-js\" id=\"wpcf7-f19-o1\" lang=\"es-ES\" dir=\"ltr\" data-wpcf7-id=\"19\">\n<div class=\"screen-reader-response\"><p role=\"status\" aria-live=\"polite\" aria-atomic=\"true\"><\/p> <ul><\/ul><\/div>\n<form action=\"\/pt\/wp-json\/wp\/v2\/pages\/20#wpcf7-f19-o1\" method=\"post\" class=\"wpcf7-form init\" aria-label=\"Formulario de contacto\" novalidate=\"novalidate\" data-status=\"init\">\n<div style=\"display: none;\">\n<input type=\"hidden\" name=\"_wpcf7\" value=\"19\" \/>\n<input type=\"hidden\" name=\"_wpcf7_version\" value=\"6.0.3\" \/>\n<input type=\"hidden\" name=\"_wpcf7_locale\" value=\"es_ES\" \/>\n<input type=\"hidden\" name=\"_wpcf7_unit_tag\" value=\"wpcf7-f19-o1\" \/>\n<input type=\"hidden\" name=\"_wpcf7_container_post\" value=\"0\" \/>\n<input type=\"hidden\" name=\"_wpcf7_posted_data_hash\" value=\"\" \/>\n<input type=\"hidden\" name=\"_wpcf7_recaptcha_response\" value=\"\" \/>\n<\/div>\n<p>(Espa\u00f1ol)\n<div class=\"wpcf7-response-output\" aria-hidden=\"true\"><\/div>\n<\/p>\n<p><label>Nombre (requerido)<span class=\"wpcf7-form-control-wrap\" data-name=\"your-name\"><input size=\"40\" maxlength=\"400\" class=\"wpcf7-form-control wpcf7-text wpcf7-validates-as-required\" aria-required=\"true\" aria-invalid=\"false\" value=\"\" type=\"text\" name=\"your-name\" \/><\/span><\/label><br \/>\n<label>Apellidos <span class=\"wpcf7-form-control-wrap\" data-name=\"your-lastname\"><input size=\"40\" maxlength=\"400\" class=\"wpcf7-form-control wpcf7-text\" aria-invalid=\"false\" value=\"\" type=\"text\" name=\"your-lastname\" \/><\/span><\/label><br \/>\n<label>Tel\u00e9fono <span class=\"wpcf7-form-control-wrap\" data-name=\"phone\"><input size=\"40\" maxlength=\"400\" class=\"wpcf7-form-control wpcf7-tel wpcf7-text wpcf7-validates-as-tel\" aria-invalid=\"false\" value=\"\" type=\"tel\" name=\"phone\" \/><\/span><\/label><br \/>\n<label>Tu correo electr\u00f3nico (requerido) <span class=\"wpcf7-form-control-wrap\" data-name=\"your-email\"><input size=\"40\" maxlength=\"400\" class=\"wpcf7-form-control wpcf7-email wpcf7-validates-as-required wpcf7-text wpcf7-validates-as-email\" aria-required=\"true\" aria-invalid=\"false\" value=\"\" type=\"email\" name=\"your-email\" \/><\/span><\/label><br \/>\n<label>Asunto <span class=\"wpcf7-form-control-wrap\" data-name=\"your-subject\"><input size=\"40\" maxlength=\"400\" class=\"wpcf7-form-control wpcf7-text\" aria-invalid=\"false\" value=\"\" type=\"text\" name=\"your-subject\" \/><\/span><\/label><br \/>\n<label>Mensaje <span class=\"wpcf7-form-control-wrap\" data-name=\"your-message\"><textarea cols=\"40\" rows=\"10\" maxlength=\"2000\" class=\"wpcf7-form-control wpcf7-textarea\" aria-invalid=\"false\" name=\"your-message\"><\/textarea><\/span><\/label><br \/>\n[mc4wp_checkbox]<br \/>\n<span class=\"wpcf7-form-control-wrap\" data-name=\"terminos-condiciones\"><span class=\"wpcf7-form-control wpcf7-acceptance\"><span class=\"wpcf7-list-item\"><input type=\"checkbox\" name=\"terminos-condiciones\" value=\"1\" aria-invalid=\"false\" \/><\/span><\/span><\/span>He le\u00eddo y acepto el <a target=\"blank\" href=\"https:\/\/www.eventicrea.es\/aviso-legal\/\">aviso legal<\/a> y la <a target=\"blank\" href=\"https:\/\/eventicrea.es\/politica-de-privacidad\/\">pol\u00edtica de privacidad<\/a> (obligatorio para enviar la consulta).<br \/>\n<input class=\"wpcf7-form-control wpcf7-submit has-spinner\" type=\"submit\" value=\"Enviar\" \/>\n<\/p>\n<\/form>\n<\/div>\n\n<blockquote>\n<h3>Informaci\u00f3n b\u00e1sica sobre Protecci\u00f3n de Datos<\/h3>\n<p style=\"font-size:12px;\">\n<strong>Responsable<\/strong>: Susana L\u00f3pez Guerrero (eventiCrea).<br \/>\n<strong>Finalidad<\/strong>: Obtenci\u00f3n de tu consentimiento para responder a las cuestiones planteadas a trav\u00e9s de nuestro formulario de contacto.<br \/>\n<strong>Legitimaci\u00f3n<\/strong>: Consentimiento del interesado.<br \/>\n<strong>Destinatarios<\/strong>: No se ceder\u00e1n datos a terceros, salvo obligaci\u00f3n legal.<br \/>\n<strong>Derechos<\/strong>: Acceder, rectificar y suprimir los datos, as\u00ed como otros derechos, como se explica en la informaci\u00f3n adicional.<br \/>\n<strong>Informaci\u00f3n adicional<\/strong>: Puedes consultar la informaci\u00f3n adicional y detallada sobre Protecci\u00f3n de Datos en el siguiente enlace: <a href=\"https:\/\/eventicrea.es\/aviso-legal\/\">eventicrea.es\/aviso-legal<\/a>\n<\/p>\n<\/blockquote>\n<p><\/p>","protected":false},"excerpt":{"rendered":"<div class=\"slide-text-bg2\"><span>Desculpe, este conte\u00fado s\u00f3 est\u00e1 dispon\u00edvel em Espa\u00f1ol e English. Por uma quest\u00e3o de conveni\u00eancia para o utilizador, o conte\u00fado \u00e9 mostrado abaixo n<\/span><\/div>\n<div class=\"slide-btn-area-sm\"><a href=\"https:\/\/eventicrea.es\/pt\/contacto\/\" class=\"slide-btn-sm\">Read More<\/a><\/div>\n","protected":false},"author":1,"featured_media":0,"parent":0,"menu_order":0,"comment_status":"closed","ping_status":"closed","template":"","meta":{"footnotes":""},"class_list":["post-20","page","type-page","status-publish","hentry"],"_links":{"self":[{"href":"https:\/\/eventicrea.es\/pt\/wp-json\/wp\/v2\/pages\/20","targetHints":{"allow":["GET"]}}],"collection":[{"href":"https:\/\/eventicrea.es\/pt\/wp-json\/wp\/v2\/pages"}],"about":[{"href":"https:\/\/eventicrea.es\/pt\/wp-json\/wp\/v2\/types\/page"}],"author":[{"embeddable":true,"href":"https:\/\/eventicrea.es\/pt\/wp-json\/wp\/v2\/users\/1"}],"replies":[{"embeddable":true,"href":"https:\/\/eventicrea.es\/pt\/wp-json\/wp\/v2\/comments?post=20"}],"version-history":[{"count":25,"href":"https:\/\/eventicrea.es\/pt\/wp-json\/wp\/v2\/pages\/20\/revisions"}],"predecessor-version":[{"id":1919,"href":"https:\/\/eventicrea.es\/pt\/wp-json\/wp\/v2\/pages\/20\/revisions\/1919"}],"wp:attachment":[{"href":"https:\/\/eventicrea.es\/pt\/wp-json\/wp\/v2\/media?parent=20"}],"curies":[{"name":"wp","href":"https:\/\/api.w.org\/{rel}","templated":true}]}}